{"id":6341,"date":"2017-03-10T16:13:59","date_gmt":"2017-03-10T14:13:59","guid":{"rendered":"http:\/\/www.msrr.at\/cms\/?page_id=6341"},"modified":"2017-03-18T22:06:00","modified_gmt":"2017-03-18T20:06:00","slug":"philipp-klein","status":"publish","type":"page","link":"http:\/\/www.msrr.at\/cms\/philipp-klein\/","title":{"rendered":"Philipp Klein"},"content":{"rendered":"<table style=\"width: 473px;\">\n<tbody>\n<tr style=\"height: 277px;\">\n<td style=\"height: 277px; width: 187px;\"><img loading=\"lazy\" decoding=\"async\" class=\"alignnone wp-image-6345\" src=\"http:\/\/www.msrr.at\/cms\/wp-content\/uploads\/2017\/03\/Enduro-Rumanien-2016-bei-EMY-4442-300x200.jpg\" alt=\"\" width=\"161\" height=\"107\" srcset=\"http:\/\/www.msrr.at\/cms\/wp-content\/uploads\/2017\/03\/Enduro-Rumanien-2016-bei-EMY-4442-300x200.jpg 300w, http:\/\/www.msrr.at\/cms\/wp-content\/uploads\/2017\/03\/Enduro-Rumanien-2016-bei-EMY-4442-768x512.jpg 768w, http:\/\/www.msrr.at\/cms\/wp-content\/uploads\/2017\/03\/Enduro-Rumanien-2016-bei-EMY-4442-1024x683.jpg 1024w, http:\/\/www.msrr.at\/cms\/wp-content\/uploads\/2017\/03\/Enduro-Rumanien-2016-bei-EMY-4442-250x167.jpg 250w, http:\/\/www.msrr.at\/cms\/wp-content\/uploads\/2017\/03\/Enduro-Rumanien-2016-bei-EMY-4442.jpg 1620w\" sizes=\"auto, (max-width: 161px) 100vw, 161px\" \/><img loading=\"lazy\" decoding=\"async\" class=\"alignnone wp-image-6343\" src=\"http:\/\/www.msrr.at\/cms\/wp-content\/uploads\/2017\/03\/Enduro-Rumanien-2016-bei-EMY-4391-300x200.jpg\" alt=\"\" width=\"160\" height=\"106\" srcset=\"http:\/\/www.msrr.at\/cms\/wp-content\/uploads\/2017\/03\/Enduro-Rumanien-2016-bei-EMY-4391-300x200.jpg 300w, http:\/\/www.msrr.at\/cms\/wp-content\/uploads\/2017\/03\/Enduro-Rumanien-2016-bei-EMY-4391-768x512.jpg 768w, http:\/\/www.msrr.at\/cms\/wp-content\/uploads\/2017\/03\/Enduro-Rumanien-2016-bei-EMY-4391-1024x683.jpg 1024w, http:\/\/www.msrr.at\/cms\/wp-content\/uploads\/2017\/03\/Enduro-Rumanien-2016-bei-EMY-4391-250x167.jpg 250w, http:\/\/www.msrr.at\/cms\/wp-content\/uploads\/2017\/03\/Enduro-Rumanien-2016-bei-EMY-4391.jpg 1620w\" sizes=\"auto, (max-width: 160px) 100vw, 160px\" \/><img loading=\"lazy\" decoding=\"async\" class=\"alignnone wp-image-6342\" src=\"http:\/\/www.msrr.at\/cms\/wp-content\/uploads\/2017\/03\/14671266_1498286960198313_5452684007830249108_n-300x225.jpg\" alt=\"\" width=\"159\" height=\"120\" srcset=\"http:\/\/www.msrr.at\/cms\/wp-content\/uploads\/2017\/03\/14671266_1498286960198313_5452684007830249108_n-300x225.jpg 300w, http:\/\/www.msrr.at\/cms\/wp-content\/uploads\/2017\/03\/14671266_1498286960198313_5452684007830249108_n-768x576.jpg 768w, http:\/\/www.msrr.at\/cms\/wp-content\/uploads\/2017\/03\/14671266_1498286960198313_5452684007830249108_n-250x188.jpg 250w, http:\/\/www.msrr.at\/cms\/wp-content\/uploads\/2017\/03\/14671266_1498286960198313_5452684007830249108_n.jpg 960w\" sizes=\"auto, (max-width: 159px) 100vw, 159px\" \/><img loading=\"lazy\" decoding=\"async\" class=\"wp-image-6344 alignnone\" src=\"http:\/\/www.msrr.at\/cms\/wp-content\/uploads\/2017\/03\/Enduro-Rumanien-2016-bei-EMY-4335-200x300.jpg\" alt=\"\" width=\"114\" height=\"171\" srcset=\"http:\/\/www.msrr.at\/cms\/wp-content\/uploads\/2017\/03\/Enduro-Rumanien-2016-bei-EMY-4335-200x300.jpg 200w, http:\/\/www.msrr.at\/cms\/wp-content\/uploads\/2017\/03\/Enduro-Rumanien-2016-bei-EMY-4335-683x1024.jpg 683w, http:\/\/www.msrr.at\/cms\/wp-content\/uploads\/2017\/03\/Enduro-Rumanien-2016-bei-EMY-4335-250x375.jpg 250w, http:\/\/www.msrr.at\/cms\/wp-content\/uploads\/2017\/03\/Enduro-Rumanien-2016-bei-EMY-4335.jpg 720w\" sizes=\"auto, (max-width: 114px) 100vw, 114px\" \/>&nbsp;<\/p>\n<p>Fotos: privat<\/td>\n<td style=\"height: 277px; width: 252px;\"><strong>Name:<\/strong> Philipp Klein<\/p>\n<p><strong>Geburtsdatum:&nbsp;<\/strong>15.07.1994<\/p>\n<p><strong>Land:<\/strong> \u00d6sterreich<\/p>\n<p><strong>Wohnort:<\/strong> n\u00e4he St.P\u00f6lten<\/p>\n<p><strong>Erfolge :<\/strong> 10.Platz in der Gesamtwertung des \u00d6sterreichischen Endurocups<\/p>\n<p><strong>Motorrad:<\/strong> KTM 300 exc Bj. 2017<\/td>\n<\/tr>\n<tr style=\"height: 37px;\">\n<td style=\"height: 37px; width: 187px;\">&nbsp;<\/td>\n<td style=\"height: 37px; width: 252px;\">&nbsp;<\/td>\n<\/tr>\n<tr style=\"height: 36px;\">\n<td style=\"height: 36px; width: 187px;\">&nbsp;<\/td>\n<td style=\"height: 36px; width: 252px;\">&nbsp;<\/td>\n<\/tr>\n<\/tbody>\n<\/table>\n","protected":false},"excerpt":{"rendered":"<p>&nbsp; Fotos: privat Name: Philipp Klein Geburtsdatum:&nbsp;15.07.1994 Land: \u00d6sterreich Wohnort: n\u00e4he St.P\u00f6lten Erfolge : 10.Platz in der Gesamtwertung des \u00d6sterreichischen Endurocups Motorrad: KTM 300 exc Bj. 2017 &nbsp; &nbsp; &nbsp; &nbsp;<\/p>\n","protected":false},"author":1,"featured_media":0,"parent":0,"menu_order":0,"comment_status":"closed","ping_status":"closed","template":"","meta":{"ngg_post_thumbnail":0,"footnotes":""},"class_list":["post-6341","page","type-page","status-publish","hentry"],"_links":{"self":[{"href":"http:\/\/www.msrr.at\/cms\/wp-json\/wp\/v2\/pages\/6341","targetHints":{"allow":["GET"]}}],"collection":[{"href":"http:\/\/www.msrr.at\/cms\/wp-json\/wp\/v2\/pages"}],"about":[{"href":"http:\/\/www.msrr.at\/cms\/wp-json\/wp\/v2\/types\/page"}],"author":[{"embeddable":true,"href":"http:\/\/www.msrr.at\/cms\/wp-json\/wp\/v2\/users\/1"}],"replies":[{"embeddable":true,"href":"http:\/\/www.msrr.at\/cms\/wp-json\/wp\/v2\/comments?post=6341"}],"version-history":[{"count":3,"href":"http:\/\/www.msrr.at\/cms\/wp-json\/wp\/v2\/pages\/6341\/revisions"}],"predecessor-version":[{"id":6374,"href":"http:\/\/www.msrr.at\/cms\/wp-json\/wp\/v2\/pages\/6341\/revisions\/6374"}],"wp:attachment":[{"href":"http:\/\/www.msrr.at\/cms\/wp-json\/wp\/v2\/media?parent=6341"}],"curies":[{"name":"wp","href":"https:\/\/api.w.org\/{rel}","templated":true}]}}