{"id":4862,"date":"2016-09-02T18:04:05","date_gmt":"2016-09-02T16:04:05","guid":{"rendered":"http:\/\/www.msrr.at\/cms\/?page_id=4862"},"modified":"2025-05-22T11:42:48","modified_gmt":"2025-05-22T09:42:48","slug":"fahrer-info","status":"publish","type":"page","link":"http:\/\/www.msrr.at\/cms\/fahrer-info\/","title":{"rendered":"MSRR Fahrer Info"},"content":{"rendered":"<p>&nbsp;<\/p>\n<table class=\"aligncenter\" style=\"width: 578px;\">\n<tbody>\n<tr style=\"height: 67px;\">\n<td style=\"text-align: center; vertical-align: middle; height: 67px; width: 164.149px;\">&nbsp;<\/td>\n<td style=\"text-align: center; vertical-align: middle; height: 67px; width: 185.26px;\">\n<h4>Martin Kronabeter<\/h4>\n<\/td>\n<td style=\"text-align: center; vertical-align: middle; height: 67px; width: 73.0382px;\"><img loading=\"lazy\" decoding=\"async\" class=\"alignnone wp-image-6304\" src=\"http:\/\/www.msrr.at\/cms\/wp-content\/uploads\/2016\/09\/Unbenannte-Anlage-00009-300x275.png\" alt=\"\" width=\"75\" height=\"69\" srcset=\"http:\/\/www.msrr.at\/cms\/wp-content\/uploads\/2016\/09\/Unbenannte-Anlage-00009-300x275.png 300w, http:\/\/www.msrr.at\/cms\/wp-content\/uploads\/2016\/09\/Unbenannte-Anlage-00009-250x229.png 250w, http:\/\/www.msrr.at\/cms\/wp-content\/uploads\/2016\/09\/Unbenannte-Anlage-00009.png 315w\" sizes=\"auto, (max-width: 75px) 100vw, 75px\" \/><\/td>\n<td style=\"text-align: center; vertical-align: middle; height: 67px; width: 87.4826px;\">\n<h4><a href=\"http:\/\/www.msrr.at\/cms\/martin-kronabetter\/\"><span style=\"color: #339966;\">Info<\/span><\/a><\/h4>\n<\/td>\n<\/tr>\n<tr style=\"height: 129px;\">\n<td style=\"text-align: center; vertical-align: middle; height: 129px; width: 164.149px;\">&nbsp;<\/td>\n<td style=\"text-align: center; vertical-align: middle; height: 129px; width: 185.26px;\">\n<h4>Johann Eigenbauer<\/h4>\n<\/td>\n<td style=\"text-align: center; vertical-align: middle; height: 129px; width: 73.0382px;\"><img loading=\"lazy\" decoding=\"async\" class=\" wp-image-5956 aligncenter\" src=\"http:\/\/www.msrr.at\/cms\/wp-content\/uploads\/2014\/02\/Eigenbauer-Hans-e1470316166218-300x225.jpg\" alt=\"eigenbauer-hans-e1470316166218-300x225\" width=\"102\" height=\"116\"\/><\/td>\n<td style=\"text-align: center; vertical-align: middle; height: 129px; width: 87.4826px;\">\n<h4><a href=\"http:\/\/www.msrr.at\/cms\/?page_id=4848\">Info<\/a><\/h4>\n<\/td>\n<\/tr>\n<tr style=\"height: 37px;\">\n<td style=\"text-align: center; vertical-align: middle; height: 37px; width: 164.149px;\">&nbsp;<\/td>\n<td style=\"text-align: center; vertical-align: middle; height: 37px; width: 185.26px;\">\n<h4>Stefan Bracher<\/h4>\n<\/td>\n<td style=\"text-align: center; vertical-align: middle; height: 37px; width: 73.0382px;\">\n<dl id=\"attachment_846\">\n<dt><img loading=\"lazy\" decoding=\"async\" class=\"wp-image-5954 aligncenter\" src=\"http:\/\/www.msrr.at\/cms\/wp-content\/uploads\/2014\/02\/FullSizeRender-254x300.jpg\" alt=\"\" width=\"77\" height=\"91\" srcset=\"http:\/\/www.msrr.at\/cms\/wp-content\/uploads\/2014\/02\/FullSizeRender-254x300.jpg 254w, http:\/\/www.msrr.at\/cms\/wp-content\/uploads\/2014\/02\/FullSizeRender-768x906.jpg 768w, http:\/\/www.msrr.at\/cms\/wp-content\/uploads\/2014\/02\/FullSizeRender-868x1024.jpg 868w, http:\/\/www.msrr.at\/cms\/wp-content\/uploads\/2014\/02\/FullSizeRender-250x295.jpg 250w\" sizes=\"auto, (max-width: 77px) 100vw, 77px\" \/><\/dt>\n<\/dl>\n<\/td>\n<td style=\"text-align: center; vertical-align: middle; height: 37px; width: 87.4826px;\">\n<h4><span style=\"color: #008000;\">I<\/span><a href=\"http:\/\/msrr.at\/cms\/4910-2\">nfo<\/a><\/h4>\n<\/td>\n<\/tr>\n<tr style=\"height: 18px;\">\n<td style=\"text-align: center; vertical-align: middle; height: 18px; width: 164.149px;\">&nbsp;<\/td>\n<td style=\"text-align: center; vertical-align: middle; height: 18px; width: 185.26px;\">\n<h4>Patrick Eigenbauer<\/h4>\n<\/td>\n<td style=\"text-align: center; vertical-align: middle; height: 18px; width: 73.0382px;\"><img loading=\"lazy\" decoding=\"async\" class=\" wp-image-5963 aligncenter\" src=\"http:\/\/www.msrr.at\/cms\/wp-content\/uploads\/2016\/09\/Eigenbauer-Patrick-300x225.jpg\" alt=\"eigenbauer-patrick-300x225\" width=\"100\" height=\"117\"\/><\/td>\n<td style=\"text-align: center; vertical-align: middle; height: 18px; width: 87.4826px;\">\n<h4><a href=\"http:\/\/www.msrr.at\/cms\/patrick-eigenbauer\/\"><strong>Info<\/strong><\/a><\/h4>\n<\/td>\n<\/tr>\n<tr style=\"height: 55px;\">\n<td style=\"text-align: center; vertical-align: middle; height: 55px; width: 164.149px;\">&nbsp;<\/td>\n<td style=\"text-align: center; vertical-align: middle; height: 55px; width: 185.26px;\">\n<h4>Dieter Kahri<\/h4>\n<\/td>\n<td style=\"text-align: center; vertical-align: middle; height: 55px; width: 73.0382px;\">&nbsp;<img loading=\"lazy\" decoding=\"async\" class=\"wp-image-4906 aligncenter\" src=\"http:\/\/www.msrr.at\/cms\/wp-content\/uploads\/2014\/02\/image1-267x300.jpg\" alt=\"image1\" width=\"98\" height=\"110\" srcset=\"http:\/\/www.msrr.at\/cms\/wp-content\/uploads\/2014\/02\/image1-267x300.jpg 267w, http:\/\/www.msrr.at\/cms\/wp-content\/uploads\/2014\/02\/image1-250x281.jpg 250w, http:\/\/www.msrr.at\/cms\/wp-content\/uploads\/2014\/02\/image1.jpg 570w\" sizes=\"auto, (max-width: 98px) 100vw, 98px\" \/><\/td>\n<td style=\"text-align: center; vertical-align: middle; height: 55px; width: 87.4826px;\">\n<h4><a href=\"http:\/\/www.msrr.at\/cms\/dieter-kahri\/\">&nbsp;<span style=\"color: #339966;\">Info<\/span><\/a><\/h4>\n<\/td>\n<\/tr>\n<tr style=\"height: 12px;\">\n<td style=\"text-align: center; vertical-align: middle; height: 12px; width: 164.149px;\">&nbsp;<\/td>\n<td style=\"text-align: center; vertical-align: middle; height: 12px; width: 185.26px;\">\n<h4>Patrick Leischner<\/h4>\n<\/td>\n<td style=\"text-align: center; vertical-align: middle; height: 12px; width: 73.0382px;\"><img loading=\"lazy\" decoding=\"async\" class=\"wp-image-5959 aligncenter\" src=\"http:\/\/www.msrr.at\/cms\/wp-content\/uploads\/2016\/09\/Leischner-246x300.jpg\" alt=\"leischner\" width=\"98\" height=\"119\" srcset=\"http:\/\/www.msrr.at\/cms\/wp-content\/uploads\/2016\/09\/Leischner-246x300.jpg 246w, http:\/\/www.msrr.at\/cms\/wp-content\/uploads\/2016\/09\/Leischner-250x305.jpg 250w, http:\/\/www.msrr.at\/cms\/wp-content\/uploads\/2016\/09\/Leischner.jpg 294w\" sizes=\"auto, (max-width: 98px) 100vw, 98px\" \/><\/td>\n<td style=\"text-align: center; vertical-align: middle; height: 12px; width: 87.4826px;\">\n<h4><a href=\"http:\/\/www.msrr.at\/cms\/patrick-leischner\/\">Info<\/a><\/h4>\n<\/td>\n<\/tr>\n<tr style=\"height: 59px;\">\n<td style=\"vertical-align: middle; height: 59px; width: 164.149px; text-align: center;\">&nbsp;<\/td>\n<td style=\"vertical-align: middle; height: 59px; width: 185.26px; text-align: center;\">\n<h4>&nbsp;Bernd Rieder<\/h4>\n<\/td>\n<td style=\"vertical-align: middle; height: 59px; width: 73.0382px; text-align: center;\"><img loading=\"lazy\" decoding=\"async\" class=\"alignnone wp-image-6189\" src=\"http:\/\/www.msrr.at\/cms\/wp-content\/uploads\/2016\/09\/Bernd-Rieder-300x300.jpg\" alt=\"bernd-rieder\" width=\"107\" height=\"107\" srcset=\"http:\/\/www.msrr.at\/cms\/wp-content\/uploads\/2016\/09\/Bernd-Rieder-300x300.jpg 300w, http:\/\/www.msrr.at\/cms\/wp-content\/uploads\/2016\/09\/Bernd-Rieder-150x150.jpg 150w, http:\/\/www.msrr.at\/cms\/wp-content\/uploads\/2016\/09\/Bernd-Rieder-250x250.jpg 250w, http:\/\/www.msrr.at\/cms\/wp-content\/uploads\/2016\/09\/Bernd-Rieder.jpg 337w\" sizes=\"auto, (max-width: 107px) 100vw, 107px\" \/>&nbsp;<\/td>\n<td style=\"vertical-align: middle; height: 59px; width: 87.4826px; text-align: center;\">\n<h4 style=\"text-align: justify;\"><a href=\"http:\/\/www.msrr.at\/cms\/bernd-rieder\/\" target=\"_blank\" rel=\"noopener\"><span style=\"color: #008000;\">Info<\/span>&nbsp;<\/a><\/h4>\n<\/td>\n<\/tr>\n<tr style=\"height: 88px;\">\n<td style=\"text-align: center; vertical-align: middle; height: 88px; width: 164.149px;\">&nbsp;<\/td>\n<td style=\"vertical-align: middle; height: 88px; width: 185.26px; text-align: center;\">\n<h4 style=\"text-align: justify;\">Kathrin Redlingshofer-Milev&nbsp;<\/h4>\n<\/td>\n<td style=\"text-align: center; vertical-align: middle; height: 88px; width: 73.0382px;\"><img loading=\"lazy\" decoding=\"async\" class=\"alignnone wp-image-8125\" src=\"http:\/\/www.msrr.at\/cms\/wp-content\/uploads\/2017\/12\/ceef7be3-643c-462a-93f1-091e171b4bca-169x300.jpg\" alt=\"\" width=\"62\" height=\"110\" srcset=\"http:\/\/www.msrr.at\/cms\/wp-content\/uploads\/2017\/12\/ceef7be3-643c-462a-93f1-091e171b4bca-169x300.jpg 169w, http:\/\/www.msrr.at\/cms\/wp-content\/uploads\/2017\/12\/ceef7be3-643c-462a-93f1-091e171b4bca-577x1024.jpg 577w, http:\/\/www.msrr.at\/cms\/wp-content\/uploads\/2017\/12\/ceef7be3-643c-462a-93f1-091e171b4bca-250x444.jpg 250w, http:\/\/www.msrr.at\/cms\/wp-content\/uploads\/2017\/12\/ceef7be3-643c-462a-93f1-091e171b4bca.jpg 640w\" sizes=\"auto, (max-width: 62px) 100vw, 62px\" \/><\/td>\n<td style=\"text-align: center; vertical-align: middle; height: 88px; width: 87.4826px;\">\n<h4><a href=\"http:\/\/www.msrr.at\/cms\/kathrin-redlingshofer-milev\/\" target=\"_blank\" rel=\"noopener\">Info<\/a>&nbsp;<\/h4>\n<\/td>\n<\/tr>\n<tr style=\"height: 89px;\">\n<td style=\"text-align: center; vertical-align: middle; height: 89px; width: 164.149px;\">&nbsp;<\/td>\n<td style=\"vertical-align: middle; height: 89px; width: 185.26px; text-align: center;\">\n<h4 style=\"text-align: justify;\">Patrick Mayer<\/h4>\n<\/td>\n<td style=\"text-align: center; vertical-align: middle; height: 89px; width: 73.0382px;\"><img loading=\"lazy\" decoding=\"async\" class=\"size-medium wp-image-8194 alignright\" src=\"http:\/\/www.msrr.at\/cms\/wp-content\/uploads\/2018\/02\/mayer1-203x300.jpg\" alt=\"\" width=\"203\" height=\"300\" srcset=\"http:\/\/www.msrr.at\/cms\/wp-content\/uploads\/2018\/02\/mayer1-203x300.jpg 203w, http:\/\/www.msrr.at\/cms\/wp-content\/uploads\/2018\/02\/mayer1-250x370.jpg 250w, http:\/\/www.msrr.at\/cms\/wp-content\/uploads\/2018\/02\/mayer1.jpg 648w\" sizes=\"auto, (max-width: 203px) 100vw, 203px\" \/><\/p>\n<h4 style=\"text-align: justify;\">&nbsp;<\/h4>\n<\/td>\n<td style=\"text-align: center; vertical-align: middle; height: 89px; width: 87.4826px;\">\n<h4 style=\"text-align: center;\"><a href=\"http:\/\/www.msrr.at\/cms\/patrick-mayer\/\" target=\"_blank\" rel=\"noopener\">Info<\/a><\/h4>\n<\/td>\n<\/tr>\n<tr>\n<td style=\"text-align: center; vertical-align: middle; width: 164.149px;\">&nbsp;<\/td>\n<td style=\"text-align: center; vertical-align: middle; width: 185.26px;\">\n<h4 style=\"text-align: justify;\">Georg Bruckm\u00fcller<\/h4>\n<\/td>\n<td style=\"text-align: center; vertical-align: middle; width: 73.0382px;\">&nbsp;<\/td>\n<td style=\"text-align: center; vertical-align: middle; width: 87.4826px;\">\n<h4>Info<\/h4>\n<\/td>\n<\/tr>\n<tr>\n<td style=\"text-align: center; vertical-align: middle; width: 164.149px;\">&nbsp;<\/td>\n<td style=\"text-align: center; vertical-align: middle; width: 185.26px;\">\n<h4 style=\"text-align: justify;\">Fiona Bruckm\u00fcller<\/h4>\n<\/td>\n<td style=\"text-align: center; vertical-align: middle; width: 73.0382px;\">&nbsp;<\/td>\n<td style=\"text-align: center; vertical-align: middle; width: 87.4826px;\">\n<h4>Info<\/h4>\n<\/td>\n<\/tr>\n<tr>\n<td style=\"text-align: center; vertical-align: middle; width: 164.149px;\">&nbsp;<\/td>\n<td style=\"text-align: center; vertical-align: middle; width: 185.26px;\">\n<h4 style=\"text-align: justify;\">Clara Bruckm\u00fcller<\/h4>\n<\/td>\n<td style=\"text-align: center; vertical-align: middle; width: 73.0382px;\">&nbsp;<\/td>\n<td style=\"text-align: center; vertical-align: middle; width: 87.4826px;\">\n<h4>Info<\/h4>\n<\/td>\n<\/tr>\n<tr>\n<td style=\"text-align: center; vertical-align: middle; width: 164.149px;\">&nbsp;<\/td>\n<td style=\"text-align: center; vertical-align: middle; width: 185.26px;\">\n<h4 style=\"text-align: justify;\">Fazy<\/h4>\n<\/td>\n<td style=\"text-align: center; vertical-align: middle; width: 73.0382px;\">&nbsp;<\/td>\n<td style=\"text-align: center; vertical-align: middle; width: 87.4826px;\">\n<h4>Info<\/h4>\n<\/td>\n<\/tr>\n<tr>\n<td style=\"text-align: center; vertical-align: middle; width: 164.149px;\">&nbsp;<\/td>\n<td style=\"text-align: center; vertical-align: middle; width: 185.26px;\">\n<h4 style=\"text-align: justify;\">Johanna Kahri<\/h4>\n<\/td>\n<td style=\"text-align: center; vertical-align: middle; width: 73.0382px;\">&nbsp;<\/td>\n<td style=\"text-align: center; vertical-align: middle; width: 87.4826px;\">\n<h4>Info<\/h4>\n<\/td>\n<\/tr>\n<tr>\n<td style=\"text-align: center; vertical-align: middle; width: 164.149px;\">&nbsp;<\/td>\n<td style=\"text-align: center; vertical-align: middle; width: 185.26px;\">\n<h4 style=\"text-align: justify;\">Samuel Struck<\/h4>\n<\/td>\n<td style=\"text-align: center; vertical-align: middle; width: 73.0382px;\">&nbsp;<\/td>\n<td style=\"text-align: center; vertical-align: middle; width: 87.4826px;\">\n<h4>Info<\/h4>\n<\/td>\n<\/tr>\n<tr>\n<td style=\"text-align: center; vertical-align: bottom; width: 164.149px;\">&nbsp;<\/td>\n<td style=\"text-align: center; vertical-align: bottom; width: 185.26px;\">\n<h4 style=\"text-align: justify;\">&nbsp;<\/h4>\n<\/td>\n<td style=\"text-align: center; vertical-align: bottom; width: 73.0382px;\">&nbsp;<\/td>\n<td style=\"text-align: center; vertical-align: bottom; width: 87.4826px;\">\n<h4 style=\"text-align: center;\">&nbsp;<\/h4>\n<\/td>\n<\/tr>\n<\/tbody>\n<\/table>\n","protected":false},"excerpt":{"rendered":"<p>&nbsp; &nbsp; Martin Kronabeter Info &nbsp; Johann Eigenbauer Info &nbsp; Stefan Bracher Info &nbsp; Patrick Eigenbauer Info &nbsp; Dieter Kahri &nbsp; &nbsp;Info &nbsp; Patrick Leischner Info &nbsp; &nbsp;Bernd Rieder &nbsp; Info&nbsp; &nbsp; Kathrin Redlingshofer-Milev&nbsp; Info&nbsp; &nbsp; Patrick Mayer &nbsp; Info &nbsp; Georg Bruckm\u00fcller &nbsp; Info &nbsp; Fiona Bruckm\u00fcller &nbsp; Info &nbsp; Clara Bruckm\u00fcller &nbsp; Info &hellip; <a href=\"http:\/\/www.msrr.at\/cms\/fahrer-info\/\" class=\"more-link\"><span class=\"screen-reader-text\">MSRR Fahrer Info<\/span> weiterlesen <span class=\"meta-nav\">&rarr;<\/span><\/a><\/p>\n","protected":false},"author":1,"featured_media":0,"parent":0,"menu_order":0,"comment_status":"closed","ping_status":"closed","template":"","meta":{"ngg_post_thumbnail":0,"footnotes":""},"class_list":["post-4862","page","type-page","status-publish","hentry"],"_links":{"self":[{"href":"http:\/\/www.msrr.at\/cms\/wp-json\/wp\/v2\/pages\/4862","targetHints":{"allow":["GET"]}}],"collection":[{"href":"http:\/\/www.msrr.at\/cms\/wp-json\/wp\/v2\/pages"}],"about":[{"href":"http:\/\/www.msrr.at\/cms\/wp-json\/wp\/v2\/types\/page"}],"author":[{"embeddable":true,"href":"http:\/\/www.msrr.at\/cms\/wp-json\/wp\/v2\/users\/1"}],"replies":[{"embeddable":true,"href":"http:\/\/www.msrr.at\/cms\/wp-json\/wp\/v2\/comments?post=4862"}],"version-history":[{"count":80,"href":"http:\/\/www.msrr.at\/cms\/wp-json\/wp\/v2\/pages\/4862\/revisions"}],"predecessor-version":[{"id":8466,"href":"http:\/\/www.msrr.at\/cms\/wp-json\/wp\/v2\/pages\/4862\/revisions\/8466"}],"wp:attachment":[{"href":"http:\/\/www.msrr.at\/cms\/wp-json\/wp\/v2\/media?parent=4862"}],"curies":[{"name":"wp","href":"https:\/\/api.w.org\/{rel}","templated":true}]}}