{"id":1470,"date":"2014-01-28T17:39:36","date_gmt":"2014-01-28T15:39:36","guid":{"rendered":"http:\/\/www.msrr.at\/cms\/?page_id=1470"},"modified":"2014-03-07T09:00:24","modified_gmt":"2014-03-07T07:00:24","slug":"der-club","status":"publish","type":"page","link":"http:\/\/www.msrr.at\/cms\/der-club\/","title":{"rendered":"Der Club"},"content":{"rendered":"<p>Der MSRR NEULENGBACH wurde am 9. Dezember 1974 gegr\u00fcndet. Die T\u00e4tigkeit erstreckte sich in den ersten Jahren auf Kleinveranstaltungen wie Slaloms, Fuchsjagden oder R\u00e4tselfahrten.<\/p>\n<hr \/>\n<p><strong>Im Dezember 2014 feiert der Club daher sein vierzigj\u00e4hriges Bestehen. Die Aktualisierung der Clubgeschichte ist in Arbeit&#8230;.<\/strong><\/p>\n<p>Im Jahre 1979 wurde erstmals die Wienerwaldrallye durchgef\u00fchrt, die in der Folge zu einem Staatsmeisterschaftslauf reifte. Aufgrund des wachsenden Widerstandes der Motorsportgegner konnte die Wienerwaldrallye nach 1984 nicht mehr veranstaltet werden.<\/p>\n<hr \/>\n<p>Ende der 80er Jahre verlagerte sich das Clubgeschehen ins Rallycross, schon bald entstand das gr\u00f6\u00dfte Rallycross-Team \u00d6sterreichs. Gleichzeitig wurde aber auch das Bet\u00e4tigungsfeld breiter, in der Bergszene und auf der Rundstrecke war der MSRR ebenfalls vertreten.<\/p>\n<p>Die konsequente Arbeit f\u00fchrte dann auch zum Erfolg: Im Jahre 1993 konnte Leopold Freist\u00e4tter mit seinem VW Golf GTI den ersten Meistertitel (Rallycross, Division 4) f\u00fcr den MSRR Neulengbach erringen. In der Saison 1997 zog Adolf Ramoser den Titel des FIA-Zonenmeisters Zentraleuropa in der Rallycross-Division 1 an Land. Im Jahr 1999 holte Peter Schauberger in der Division 1 den Staatsmeistertitel in der Rallycross-Division 1. Schon in der Saison 2000 folgte der Doppelschlag: Roland Reither (Seat Ibiza KitCar) holte den Rallycross-\u00d6M-Titel in der Division 1 und Hans Eigenbauer (Opel Astra Gsi 16V) sicherte sich die Rallycross-Zonenmeisterschaft Ebenso erfolgreich war das MSRR-Team im Jahr 2001. Tristan Ekker holt mit seinem VW Polo den Titel des \u00f6sterreichischen Rallycross Staatsmeisters und Andraes Hulak gewinnt mit dem bereits betagten Ford Escort RS 2000 den steirischen Bergrallye Pokal in der historischen Klasse.<\/p>\n<hr \/>\n<p>Seit 1995 ist der MSRR auch als Rallycross-Veranstalter t\u00e4tig und damit ganz wesentlich am Aufschwung des Rallycross beteiligt. Das Medien- und Publikumsinteresse ist stetig im Steigen begriffen, mit neuen Impulsen wird versucht diesem Sport wieder neues Leben einzuhauchen. Auch die Starterfelder ziehen mit und attraktive Autos sind wieder zu sehen. Um eine bessere Vermarktung der Veranstaltungen zu erreichen wurde die Zusammenarbeit mit der Motorsport Promotion Austria verst\u00e4rkt. So ist es im Jahr 2000 nach langer Durststrecke wieder gelungen tolle Fernsehbilder vom Rallycross zu zeigen.<\/p>\n<p>2008\u00a0 haben wir uns aus den verschiedensten Gr\u00fcnden vorl\u00e4ufig aus den Gro\u00dfveranstaltungen zur\u00fcckgezogen.<\/p>\n<p>Der im Jahr 2007 neu geschaffene <a title=\"Autohaus FIGL Slalom Cup\" href=\"http:\/\/www.msrr.at\/cms\/?page_id=1437\">Autohaus Figl Slalom Cup<\/a> stellt derzeit unser Hauptaufgabengebiet dar.<\/p>\n<p><strong>Motorsportliche Aktivit\u00e4ten:<\/strong><\/p>\n<p>Nach dem Rekord-Bergrennen 1993 in Innermanzing\/Schoderleh wurden die Bergaktivit\u00e4ten 1998 mit dem Millenniums-Bergpreis auf dem Kohlreith in Neulengbach wieder aufgenommen. Dazwischen waren wir auch im Rallycross stark vertreten, derzeit sind wir neben der Waldviertel-Rallye haupts\u00e4chlich als Slalom-Veranstalter aktiv.<\/p>\n<p>Als Mitveranstalter der Rallye Waldviertel haben wir daher noch\u00a0 einen besonderen Draht zum Rallyesport den auch einige <a title=\"MSRR Fahrermeisterschaft\" href=\"http:\/\/www.msrr.at\/cms\/?page_id=1297\">Fahrer<\/a> des MSRR Neulengbach aktiv aus\u00fcben.<\/p>\n<p>&nbsp;<\/p>\n<p><span style=\"color: #ff0000;\"><a title=\"Mitglied werden\" href=\"http:\/\/www.msrr.at\/cms\/?page_id=1247\"><span style=\"color: #ff0000;\">MITGLIED WERDEN &gt;&gt;<\/span><\/a><\/span><\/p>\n<p><a href=\"http:\/\/www.msrr.at\/cms\/wp-content\/uploads\/2014\/02\/msrr-helm.jpg\"><img loading=\"lazy\" decoding=\"async\" class=\"alignnone  wp-image-1359\" alt=\"msrr-helm\" src=\"http:\/\/www.msrr.at\/cms\/wp-content\/uploads\/2014\/02\/msrr-helm-300x243.jpg\" width=\"141\" height=\"114\" srcset=\"http:\/\/www.msrr.at\/cms\/wp-content\/uploads\/2014\/02\/msrr-helm-300x243.jpg 300w, http:\/\/www.msrr.at\/cms\/wp-content\/uploads\/2014\/02\/msrr-helm-1024x829.jpg 1024w, http:\/\/www.msrr.at\/cms\/wp-content\/uploads\/2014\/02\/msrr-helm-250x202.jpg 250w, http:\/\/www.msrr.at\/cms\/wp-content\/uploads\/2014\/02\/msrr-helm.jpg 1772w\" sizes=\"auto, (max-width: 141px) 100vw, 141px\" \/><\/a><\/p>\n","protected":false},"excerpt":{"rendered":"<p>Der MSRR NEULENGBACH wurde am 9. Dezember 1974 gegr\u00fcndet. Die T\u00e4tigkeit erstreckte sich in den ersten Jahren auf Kleinveranstaltungen wie Slaloms, Fuchsjagden oder R\u00e4tselfahrten. Im Dezember 2014 feiert der Club daher sein vierzigj\u00e4hriges Bestehen. Die Aktualisierung der Clubgeschichte ist in Arbeit&#8230;. Im Jahre 1979 wurde erstmals die Wienerwaldrallye durchgef\u00fchrt, die in der Folge zu einem &hellip; <a href=\"http:\/\/www.msrr.at\/cms\/der-club\/\" class=\"more-link\"><span class=\"screen-reader-text\">Der Club<\/span> weiterlesen <span class=\"meta-nav\">&rarr;<\/span><\/a><\/p>\n","protected":false},"author":1,"featured_media":0,"parent":0,"menu_order":0,"comment_status":"open","ping_status":"closed","template":"","meta":{"ngg_post_thumbnail":0,"footnotes":""},"class_list":["post-1470","page","type-page","status-publish","hentry"],"_links":{"self":[{"href":"http:\/\/www.msrr.at\/cms\/wp-json\/wp\/v2\/pages\/1470","targetHints":{"allow":["GET"]}}],"collection":[{"href":"http:\/\/www.msrr.at\/cms\/wp-json\/wp\/v2\/pages"}],"about":[{"href":"http:\/\/www.msrr.at\/cms\/wp-json\/wp\/v2\/types\/page"}],"author":[{"embeddable":true,"href":"http:\/\/www.msrr.at\/cms\/wp-json\/wp\/v2\/users\/1"}],"replies":[{"embeddable":true,"href":"http:\/\/www.msrr.at\/cms\/wp-json\/wp\/v2\/comments?post=1470"}],"version-history":[{"count":13,"href":"http:\/\/www.msrr.at\/cms\/wp-json\/wp\/v2\/pages\/1470\/revisions"}],"predecessor-version":[{"id":2121,"href":"http:\/\/www.msrr.at\/cms\/wp-json\/wp\/v2\/pages\/1470\/revisions\/2121"}],"wp:attachment":[{"href":"http:\/\/www.msrr.at\/cms\/wp-json\/wp\/v2\/media?parent=1470"}],"curies":[{"name":"wp","href":"https:\/\/api.w.org\/{rel}","templated":true}]}}