{"id":1297,"date":"2014-02-23T12:05:04","date_gmt":"2014-02-23T10:05:04","guid":{"rendered":"http:\/\/www.msrr.at\/cms\/?page_id=1297"},"modified":"2018-02-22T22:44:48","modified_gmt":"2018-02-22T20:44:48","slug":"msrr-fahrermeisterschaft","status":"publish","type":"page","link":"http:\/\/www.msrr.at\/cms\/msrr-fahrermeisterschaft\/","title":{"rendered":"MSRR Fahrermeisterschaft"},"content":{"rendered":"<p><img loading=\"lazy\" decoding=\"async\" class=\"alignleft wp-image-8128 size-medium\" src=\"http:\/\/www.msrr.at\/cms\/wp-content\/uploads\/2017\/12\/Redlingshofer2-300x200.jpg\" alt=\"\" width=\"300\" height=\"200\" srcset=\"http:\/\/www.msrr.at\/cms\/wp-content\/uploads\/2017\/12\/Redlingshofer2-300x200.jpg 300w, http:\/\/www.msrr.at\/cms\/wp-content\/uploads\/2017\/12\/Redlingshofer2-768x512.jpg 768w, http:\/\/www.msrr.at\/cms\/wp-content\/uploads\/2017\/12\/Redlingshofer2-250x167.jpg 250w, http:\/\/www.msrr.at\/cms\/wp-content\/uploads\/2017\/12\/Redlingshofer2.jpg 960w\" sizes=\"auto, (max-width: 300px) 100vw, 300px\" \/>Um mehr junge Leute zum Motorsport zu bringen wurde 1993 erstmals die MSRR-Fahrermeisterschaft ausgeschrieben. Alle Clubmitglieder k\u00f6nnen daran teilnehmen und bei allen motorsportlichen Veranstaltungen durch ihre Leistung Punkte sammeln. Sehr oft hat sich schon gezeigt, dass der Einstieg \u00fcber den Slalomsport zum Erfolg f\u00fchrt.<!--more--><\/p>\n<p><strong>Die Zwischenst\u00e4nde der Fahrermeisterschaft 2018 werden laufend aktualisiert.<\/strong><\/p>\n<p><img loading=\"lazy\" decoding=\"async\" class=\"alignnone  wp-image-8110\" src=\"http:\/\/www.msrr.at\/cms\/wp-content\/uploads\/2017\/10\/Haidn1-300x200.jpg\" alt=\"\" width=\"176\" height=\"117\" srcset=\"http:\/\/www.msrr.at\/cms\/wp-content\/uploads\/2017\/10\/Haidn1-300x200.jpg 300w, http:\/\/www.msrr.at\/cms\/wp-content\/uploads\/2017\/10\/Haidn1-768x513.jpg 768w, http:\/\/www.msrr.at\/cms\/wp-content\/uploads\/2017\/10\/Haidn1-250x167.jpg 250w, http:\/\/www.msrr.at\/cms\/wp-content\/uploads\/2017\/10\/Haidn1.jpg 1000w\" sizes=\"auto, (max-width: 176px) 100vw, 176px\" \/><img loading=\"lazy\" decoding=\"async\" class=\"alignnone  wp-image-8087\" src=\"http:\/\/www.msrr.at\/cms\/wp-content\/uploads\/2017\/09\/DSC1161-300x200.jpg\" alt=\"\" width=\"181\" height=\"122\" srcset=\"http:\/\/www.msrr.at\/cms\/wp-content\/uploads\/2017\/09\/DSC1161-300x200.jpg 300w, http:\/\/www.msrr.at\/cms\/wp-content\/uploads\/2017\/09\/DSC1161-768x512.jpg 768w, http:\/\/www.msrr.at\/cms\/wp-content\/uploads\/2017\/09\/DSC1161-1024x683.jpg 1024w, http:\/\/www.msrr.at\/cms\/wp-content\/uploads\/2017\/09\/DSC1161-250x167.jpg 250w, http:\/\/www.msrr.at\/cms\/wp-content\/uploads\/2017\/09\/DSC1161.jpg 1600w\" sizes=\"auto, (max-width: 181px) 100vw, 181px\" \/><\/p>\n<p><img loading=\"lazy\" decoding=\"async\" class=\"alignnone  wp-image-8053\" src=\"http:\/\/www.msrr.at\/cms\/wp-content\/uploads\/2017\/09\/DSC7499-300x200.jpg\" alt=\"\" width=\"178\" height=\"118\" srcset=\"http:\/\/www.msrr.at\/cms\/wp-content\/uploads\/2017\/09\/DSC7499-300x200.jpg 300w, http:\/\/www.msrr.at\/cms\/wp-content\/uploads\/2017\/09\/DSC7499-768x512.jpg 768w, http:\/\/www.msrr.at\/cms\/wp-content\/uploads\/2017\/09\/DSC7499-1024x683.jpg 1024w, http:\/\/www.msrr.at\/cms\/wp-content\/uploads\/2017\/09\/DSC7499-250x167.jpg 250w, http:\/\/www.msrr.at\/cms\/wp-content\/uploads\/2017\/09\/DSC7499.jpg 1600w\" sizes=\"auto, (max-width: 178px) 100vw, 178px\" \/><img loading=\"lazy\" decoding=\"async\" class=\"alignnone  wp-image-8045\" src=\"http:\/\/www.msrr.at\/cms\/wp-content\/uploads\/2017\/08\/greinbach2-300x200.jpg\" alt=\"\" width=\"175\" height=\"117\" srcset=\"http:\/\/www.msrr.at\/cms\/wp-content\/uploads\/2017\/08\/greinbach2-300x200.jpg 300w, http:\/\/www.msrr.at\/cms\/wp-content\/uploads\/2017\/08\/greinbach2-768x513.jpg 768w, http:\/\/www.msrr.at\/cms\/wp-content\/uploads\/2017\/08\/greinbach2-250x167.jpg 250w, http:\/\/www.msrr.at\/cms\/wp-content\/uploads\/2017\/08\/greinbach2.jpg 800w\" sizes=\"auto, (max-width: 175px) 100vw, 175px\" \/><\/p>\n<p>Die Ergebnisse der Fahrermeisterschaften des MSRR gibt es hier zum downloaden:<\/p>\n<table border=\"0\">\n<tbody>\n<tr style=\"height: 18px;\">\n<td style=\"text-align: left; height: 18px;\"><strong>BEWERB<\/strong><\/td>\n<td style=\"height: 18px;\">&nbsp;<strong>ERGEBNIS<\/strong><\/td>\n<td style=\"text-align: center; height: 18px;\">Grafik<\/td>\n<\/tr>\n<tr style=\"height: 18px;\" align=\"center\" valign=\"middle\">\n<td style=\"text-align: left; height: 18px;\"><span style=\"color: #000000;\">Fahrermeisterschaft 2017<\/span><\/td>\n<td style=\"height: 18px;\"><a href=\"http:\/\/www.msrr.at\/cms\/wp-content\/uploads\/2017\/07\/MSRRFM17_06.xlsx\" class=\"mtli_attachment mtli_xlsx\">MSRRFM17_06<\/a>&nbsp;<\/td>\n<td style=\"height: 18px;\">&nbsp;<\/td>\n<\/tr>\n<tr style=\"height: 18px;\" align=\"center\" valign=\"middle\">\n<td style=\"text-align: left; height: 18px;\">Fahrermeisterschaft 2016<\/td>\n<td style=\"height: 18px;\"><a href=\"http:\/\/www.msrr.at\/cms\/wp-content\/uploads\/2016\/06\/MSRRFM16_nach-06.pdf\" class=\"mtli_attachment mtli_pdf\" target=\"_blank\" rel=\"noopener\">MSRRFM16_nach 06<\/a><\/td>\n<td style=\"height: 18px;\">&nbsp;<\/td>\n<\/tr>\n<tr style=\"height: 18px;\" align=\"center\" valign=\"middle\">\n<td style=\"text-align: left; height: 18px;\">Fahrermeisterschaft 2015<\/td>\n<td style=\"height: 18px;\"><a href=\"http:\/\/www.msrr.at\/cms\/wp-content\/uploads\/2015\/12\/MSRRFM15_nach-11.xlsx\" class=\"mtli_attachment mtli_xlsx\" target=\"_blank\" rel=\"noopener\">MSRRFM15_nach 11<\/a><\/td>\n<td style=\"height: 18px;\">&nbsp;<\/td>\n<\/tr>\n<tr style=\"height: 36px;\" align=\"center\" valign=\"middle\">\n<td style=\"text-align: left; height: 36px;\">Fahrermeisterschaft 2014<\/td>\n<td style=\"height: 36px;\"><a href=\"http:\/\/www.msrr.at\/cms\/wp-content\/uploads\/2014\/08\/MSRRFM14_260814.pdf\" class=\"mtli_attachment mtli_pdf\"><br \/>\n<\/a><a href=\"http:\/\/www.msrr.at\/cms\/wp-content\/uploads\/2014\/02\/MSRRFM14_2511142.xlsx\" class=\"mtli_attachment mtli_xlsx\" target=\"_blank\" rel=\"noopener\">MSRRFM14_2511142<\/a><\/td>\n<td style=\"height: 36px;\">&nbsp;<\/td>\n<\/tr>\n<tr style=\"height: 18px;\" align=\"center\" valign=\"middle\">\n<td style=\"text-align: left; height: 18px;\">Fahrermeisterschaft 2013<\/td>\n<td style=\"height: 18px;\">&nbsp;<a href=\"http:\/\/www.msrr.at\/cms\/wp-content\/uploads\/2014\/02\/327_MSRRFM13_281113_1.pdf\" class=\"mtli_attachment mtli_pdf\" target=\"_blank\" rel=\"noopener\">13<\/a><\/td>\n<td style=\"height: 18px;\">&nbsp;<\/td>\n<\/tr>\n<tr style=\"height: 18px;\" align=\"center\" valign=\"middle\">\n<td style=\"text-align: left; height: 18px;\">Fahrermeisterschaft 2012<\/td>\n<td style=\"height: 18px;\">&nbsp;<a href=\"http:\/\/www.msrr.at\/cms\/wp-content\/uploads\/2014\/02\/301_MSRRFM12_021112.pdf\" class=\"mtli_attachment mtli_pdf\" target=\"_blank\" rel=\"noopener\">12<\/a><\/td>\n<td style=\"height: 18px;\">&nbsp;<\/td>\n<\/tr>\n<tr style=\"height: 18px;\" align=\"center\" valign=\"middle\">\n<td style=\"text-align: left; height: 18px;\">Fahrermeisterschaft 2011<\/td>\n<td style=\"height: 18px;\">&nbsp;<a href=\"http:\/\/www.msrr.at\/cms\/wp-content\/uploads\/2014\/02\/251_fms11.pdf\" class=\"mtli_attachment mtli_pdf\" target=\"_blank\" rel=\"noopener\">11<\/a><\/td>\n<td style=\"height: 18px;\">&nbsp;<\/td>\n<\/tr>\n<tr style=\"height: 18px;\" align=\"center\" valign=\"middle\">\n<td style=\"text-align: left; height: 18px;\">Fahrermeisterschaft 2010<\/td>\n<td style=\"height: 18px;\"><a href=\"http:\/\/www.msrr.at\/cms\/wp-content\/uploads\/2014\/02\/231_fms10.pdf\" class=\"mtli_attachment mtli_pdf\" target=\"_blank\" rel=\"noopener\">10<\/a><\/td>\n<td style=\"height: 18px;\"><a href=\"http:\/\/www.msrr.at\/cms\/wp-content\/uploads\/2014\/02\/232_fmsgrafik10.pdf\" class=\"mtli_attachment mtli_pdf\" target=\"_blank\" rel=\"noopener\">grafik<\/a><\/td>\n<\/tr>\n<tr style=\"height: 306px;\" align=\"center\" valign=\"middle\">\n<td style=\"text-align: left; height: 306px;\"><strong>Fahrermeisterschaft 2009<\/strong><\/p>\n<hr \/>\n<p><strong>Alexander Schiessling gewinnt <\/strong>Franz Leitner im Subaru Impreza STI bei der J\u00e4nnerrallye und die Slalomriege in Neulengbach sammelten die ersten Punkte. 61 Veranstaltungen in sechs L\u00e4ndern haben unsere Piloten absolviert. Am Ende holte sich Alexander Schiessling mit seinem Rallycross-Comeback im BMW 325i den zweiten Titel nach 2007. Rang zwei ging an Michael Hofer vor Dominik Riedmayer.<\/td>\n<td style=\"height: 306px;\"><a href=\"http:\/\/www.msrr.at\/cms\/wp-content\/uploads\/2014\/02\/209_fms09.pdf\" class=\"mtli_attachment mtli_pdf\" target=\"_blank\" rel=\"noopener\">09<\/a><\/td>\n<td style=\"height: 306px;\"><a href=\"http:\/\/www.msrr.at\/cms\/wp-content\/uploads\/2014\/02\/210_fmsgrafik09.pdf\" class=\"mtli_attachment mtli_pdf\" target=\"_blank\" rel=\"noopener\">grafik<\/a><\/td>\n<\/tr>\n<tr style=\"height: 288px;\" align=\"center\" valign=\"middle\">\n<td style=\"text-align: left; height: 288px;\"><strong>Fahrermeisterschaft 2008<\/strong><\/p>\n<hr \/>\n<p><strong>Michael Hofer erstmals MSRR-Fahrermeister <\/strong>Die Rallyepiloten trugen sich als erste in die Rangliste ein, doch schon einen Tag sp\u00e4ter folgte der Slalom in Neulengbach und die Slalomriege war vollz\u00e4hlig angetreten. In einer der st\u00e4rksten Saisonen der Vereinsgeschichte fuhr schlie\u00dflich Michael Hofer den Sieg nach Hause. Rang zwei ging an Dominik Riedmayer vor Franz Leitner.<\/td>\n<td style=\"height: 288px;\">&nbsp;<a href=\"http:\/\/www.msrr.at\/cms\/wp-content\/uploads\/2014\/02\/144_fms08.pdf\" class=\"mtli_attachment mtli_pdf\" target=\"_blank\" rel=\"noopener\">08<\/a><\/td>\n<td style=\"height: 288px;\"><a href=\"http:\/\/www.msrr.at\/cms\/wp-content\/uploads\/2014\/02\/145_fmsgrafik08.pdf\" class=\"mtli_attachment mtli_pdf\" target=\"_blank\" rel=\"noopener\">grafik<\/a><\/td>\n<\/tr>\n<tr style=\"height: 288px;\" align=\"center\" valign=\"middle\">\n<td style=\"text-align: left; height: 288px;\"><strong>Fahrermeisterschaft 2007<\/strong><\/p>\n<hr \/>\n<p><strong>Alexander Schiessling holt den Titel <\/strong>Mit dem J\u00e4nner-Slalom in Neulengbach wurde die Saison gestartet. Am Ende setzten sich die Rallye-Piloten durch. Nach 46 Veranstaltungen in vier L\u00e4ndern kamen 26 Fahrer in die Wertung. Den Titel des MSRR-Fahrermeisters 2007 holte sich Alexander Schiessling vor Michael Hofer und Andreas Zankl. Der offizielle Endstand ist als pdf-Datei abrufbar.<\/td>\n<td style=\"height: 288px;\">&nbsp;<a href=\"http:\/\/www.msrr.at\/cms\/wp-content\/uploads\/2014\/02\/126_fms07.pdf\" class=\"mtli_attachment mtli_pdf\" target=\"_blank\" rel=\"noopener\">07<\/a><\/td>\n<td style=\"height: 288px;\"><a href=\"http:\/\/www.msrr.at\/cms\/wp-content\/uploads\/2014\/02\/127_fmsgrafik07.pdf\" class=\"mtli_attachment mtli_pdf\" target=\"_blank\" rel=\"noopener\">grafik<\/a><\/td>\n<\/tr>\n<tr style=\"height: 18px;\" align=\"center\" valign=\"middle\">\n<td style=\"text-align: left; height: 18px;\">Fahrermeisterschaft 2006<\/td>\n<td style=\"height: 18px;\">&nbsp;<a href=\"http:\/\/www.msrr.at\/cms\/wp-content\/uploads\/2014\/02\/103_fms06.pdf\" class=\"mtli_attachment mtli_pdf\" target=\"_blank\" rel=\"noopener\">06<\/a><\/td>\n<td style=\"height: 18px;\"><a href=\"http:\/\/www.msrr.at\/cms\/wp-content\/uploads\/2014\/02\/104_fmsgrafik06.pdf\" class=\"mtli_attachment mtli_pdf\" target=\"_blank\" rel=\"noopener\">grafik<\/a><\/td>\n<\/tr>\n<tr style=\"height: 216px;\" align=\"center\" valign=\"middle\">\n<td style=\"text-align: left; height: 216px;\"><strong>Fahrermeisterschaft 2005<\/strong><\/p>\n<hr \/>\n<p><strong>Es folgt der Hattrick <\/strong>Robert Haslinger hat es nach einer tollen Saison neuerlich geschafft, den Titel in der MSRR Fahrermeisterschaft zu holen. Mit einem lupenreinen Hattrick verwies er Peter Schauberger und Hans Brei auf die Pl\u00e4tze.<\/td>\n<td style=\"height: 216px;\"><a href=\"http:\/\/www.msrr.at\/cms\/wp-content\/uploads\/2014\/02\/76_fms05.pdf\" class=\"mtli_attachment mtli_pdf\" target=\"_blank\" rel=\"noopener\">05<\/a><\/td>\n<td style=\"height: 216px;\"><a href=\"http:\/\/www.msrr.at\/cms\/wp-content\/uploads\/2014\/02\/78_fmsgrafik05.pdf\" class=\"mtli_attachment mtli_pdf\" target=\"_blank\" rel=\"noopener\">grafik<\/a><\/td>\n<\/tr>\n<tr style=\"height: 252px;\" align=\"center\" valign=\"middle\">\n<td style=\"text-align: left; height: 252px;\"><strong>Fahrermeisterschaft 2004<\/strong><\/p>\n<hr \/>\n<p><strong>Double f\u00fcr Robert Haslinger <\/strong>Robert Haslinger hat es geschafft! Mit tollen Ergebnissen im Herbst hat Robert nach 2003 zum zweiten Mal in Folge den Titel in der MSRR Fahrermeisterschaft geholt. Mit Rang zwei kann Hans Brei ebenfalls auf eine tolle Saison zur\u00fcckblicken und Trialpilot Christian M\u00fcllauer landet auf Rang drei.<\/td>\n<td style=\"height: 252px;\"><a href=\"http:\/\/www.msrr.at\/cms\/wp-content\/uploads\/2014\/02\/119_fms04.pdf\" class=\"mtli_attachment mtli_pdf\" target=\"_blank\" rel=\"noopener\">04<\/a><\/td>\n<td style=\"height: 252px;\"><a href=\"http:\/\/www.msrr.at\/cms\/wp-content\/uploads\/2014\/02\/120_fmsgrafik04.pdf\" class=\"mtli_attachment mtli_pdf\" target=\"_blank\" rel=\"noopener\">grafik<\/a><\/td>\n<\/tr>\n<tr style=\"height: 18px;\" align=\"center\" valign=\"middle\">\n<td style=\"text-align: left; height: 18px;\">Fahrermeisterschaft 2003<\/td>\n<td style=\"height: 18px;\">&nbsp;<a href=\"http:\/\/www.msrr.at\/cms\/wp-content\/uploads\/2014\/02\/16_fms03.pdf\" class=\"mtli_attachment mtli_pdf\" target=\"_blank\" rel=\"noopener\">03<\/a><\/td>\n<td style=\"height: 18px;\"><a href=\"http:\/\/www.msrr.at\/cms\/wp-content\/uploads\/2014\/02\/17_fmsgrafik03.pdf\" class=\"mtli_attachment mtli_pdf\" target=\"_blank\" rel=\"noopener\">grafik<\/a><\/td>\n<\/tr>\n<tr style=\"height: 18px;\" align=\"center\" valign=\"middle\">\n<td style=\"text-align: left; height: 18px;\">Fahrermeisterschaft 2002<\/td>\n<td style=\"height: 18px;\">&nbsp;<a href=\"http:\/\/www.msrr.at\/cms\/wp-content\/uploads\/2014\/02\/21_fms2002.pdf\" class=\"mtli_attachment mtli_pdf\" target=\"_blank\" rel=\"noopener\">02<\/a><\/td>\n<td style=\"height: 18px;\">&nbsp;<\/td>\n<\/tr>\n<\/tbody>\n<\/table>\n<address>DOWNLOAD AUSSCHREIBUNG <span style=\"font-size: x-small;\">(demn\u00e4chst verf\u00fcgbar)<\/span><\/address>\n<address>&nbsp;<\/address>\n<p>09<\/p>\n","protected":false},"excerpt":{"rendered":"<p>Um mehr junge Leute zum Motorsport zu bringen wurde 1993 erstmals die MSRR-Fahrermeisterschaft ausgeschrieben. Alle Clubmitglieder k\u00f6nnen daran teilnehmen und bei allen motorsportlichen Veranstaltungen durch ihre Leistung Punkte sammeln. Sehr oft hat sich schon gezeigt, dass der Einstieg \u00fcber den Slalomsport zum Erfolg f\u00fchrt.<\/p>\n","protected":false},"author":1,"featured_media":0,"parent":0,"menu_order":0,"comment_status":"open","ping_status":"closed","template":"","meta":{"ngg_post_thumbnail":0,"footnotes":""},"class_list":["post-1297","page","type-page","status-publish","hentry"],"_links":{"self":[{"href":"http:\/\/www.msrr.at\/cms\/wp-json\/wp\/v2\/pages\/1297","targetHints":{"allow":["GET"]}}],"collection":[{"href":"http:\/\/www.msrr.at\/cms\/wp-json\/wp\/v2\/pages"}],"about":[{"href":"http:\/\/www.msrr.at\/cms\/wp-json\/wp\/v2\/types\/page"}],"author":[{"embeddable":true,"href":"http:\/\/www.msrr.at\/cms\/wp-json\/wp\/v2\/users\/1"}],"replies":[{"embeddable":true,"href":"http:\/\/www.msrr.at\/cms\/wp-json\/wp\/v2\/comments?post=1297"}],"version-history":[{"count":42,"href":"http:\/\/www.msrr.at\/cms\/wp-json\/wp\/v2\/pages\/1297\/revisions"}],"predecessor-version":[{"id":8214,"href":"http:\/\/www.msrr.at\/cms\/wp-json\/wp\/v2\/pages\/1297\/revisions\/8214"}],"wp:attachment":[{"href":"http:\/\/www.msrr.at\/cms\/wp-json\/wp\/v2\/media?parent=1297"}],"curies":[{"name":"wp","href":"https:\/\/api.w.org\/{rel}","templated":true}]}}