{"id":1293,"date":"2014-02-23T12:02:14","date_gmt":"2014-02-23T10:02:14","guid":{"rendered":"http:\/\/www.msrr.at\/cms\/?page_id=1293"},"modified":"2020-01-29T21:36:12","modified_gmt":"2020-01-29T19:36:12","slug":"mitglieder-des-msrr","status":"publish","type":"page","link":"http:\/\/www.msrr.at\/cms\/mitglieder-des-msrr\/","title":{"rendered":"Mitglieder des MSRR"},"content":{"rendered":"<h1><strong>&nbsp; &nbsp; &nbsp; &nbsp; &nbsp; &nbsp; &nbsp; &nbsp; &nbsp; &nbsp; &nbsp;<\/strong><strong>&nbsp; &nbsp; &nbsp; &nbsp; &nbsp; &nbsp; &nbsp;&nbsp;<img loading=\"lazy\" decoding=\"async\" class=\"wp-image-6173 alignnone\" src=\"http:\/\/www.msrr.at\/cms\/wp-content\/uploads\/2016\/09\/MSRR-Logo-300x257.jpg\" alt=\"msrr-logo\" width=\"113\" height=\"97\" srcset=\"http:\/\/www.msrr.at\/cms\/wp-content\/uploads\/2016\/09\/MSRR-Logo-300x257.jpg 300w, http:\/\/www.msrr.at\/cms\/wp-content\/uploads\/2016\/09\/MSRR-Logo-250x214.jpg 250w, http:\/\/www.msrr.at\/cms\/wp-content\/uploads\/2016\/09\/MSRR-Logo.jpg 440w\" sizes=\"auto, (max-width: 113px) 100vw, 113px\" \/> <\/strong><\/h1>\n<h1 style=\"text-align: center;\"><strong>&nbsp; &nbsp;<img loading=\"lazy\" decoding=\"async\" class=\"alignnone wp-image-6275\" src=\"http:\/\/www.msrr.at\/cms\/wp-content\/uploads\/2014\/02\/4971758-Lorbeerkranz-Vector-Lizenzfreie-Bilder-300x266.jpg\" alt=\"4971758-lorbeerkranz-vector-lizenzfreie-bilder\" width=\"47\" height=\"42\" srcset=\"http:\/\/www.msrr.at\/cms\/wp-content\/uploads\/2014\/02\/4971758-Lorbeerkranz-Vector-Lizenzfreie-Bilder-300x266.jpg 300w, http:\/\/www.msrr.at\/cms\/wp-content\/uploads\/2014\/02\/4971758-Lorbeerkranz-Vector-Lizenzfreie-Bilder-768x680.jpg 768w, http:\/\/www.msrr.at\/cms\/wp-content\/uploads\/2014\/02\/4971758-Lorbeerkranz-Vector-Lizenzfreie-Bilder-1024x907.jpg 1024w, http:\/\/www.msrr.at\/cms\/wp-content\/uploads\/2014\/02\/4971758-Lorbeerkranz-Vector-Lizenzfreie-Bilder-250x221.jpg 250w, http:\/\/www.msrr.at\/cms\/wp-content\/uploads\/2014\/02\/4971758-Lorbeerkranz-Vector-Lizenzfreie-Bilder.jpg 1300w\" sizes=\"auto, (max-width: 47px) 100vw, 47px\" \/> &nbsp; <\/strong><span style=\"text-decoration: underline;\">Ehrenmitglieder<\/span><\/h1>\n<div style=\"text-align: center;\"><strong>Deinbacher Peter &nbsp;&nbsp;<\/strong><em>Gr\u00fcndungsmitglied<\/em><\/div>\n<div style=\"text-align: center;\"><strong>Groyer Werner &nbsp;<\/strong>&nbsp;<em>Gr\u00fcndungsmitglied<\/em><strong>&nbsp;<\/strong><\/div>\n<div style=\"text-align: center;\"><strong>Groyer Rainer &nbsp; <\/strong><em>Gr\u00fcndungsmitglied<\/em><\/div>\n<div style=\"text-align: center;\"><strong>K\u00e4fer Josef &nbsp; <\/strong><em>Gr\u00fcndungsmitglied<\/em><strong> &nbsp;&nbsp;<\/strong><\/div>\n<div style=\"text-align: center;\"><strong>Kellner Johann &nbsp; <\/strong><em>Gr\u00fcndungsmitglied + 1. OBMANN<\/em><\/div>\n<div style=\"text-align: center;\"><strong>Kahri Brigitte<\/strong><\/div>\n<div style=\"text-align: center;\"><strong>Hedinger Elisabeth<\/strong><\/div>\n<div style=\"text-align: center;\"><strong>Sch\u00f6pf Helmut &nbsp;<\/strong><em> OBMANN 1990-2000<\/em><\/div>\n<div style=\"text-align: center;\"><strong>Freist\u00e4tter Leopold &nbsp;<\/strong><em> OBMANN 2000-<\/em><\/div>\n<div style=\"text-align: center;\"><strong>Landstetter Franz &nbsp;&nbsp;<\/strong><em>Langj\u00e4hriger Aktiver Sportler<\/em><\/div>\n<div style=\"text-align: center;\"><strong>Wohlschlager Johann<\/strong><\/div>\n<h1 style=\"text-align: center;\">&nbsp; &nbsp; &nbsp; &nbsp; &nbsp; &nbsp; &nbsp; &nbsp; &nbsp; &nbsp; &nbsp; <em><strong>&nbsp; &nbsp; &nbsp;<img loading=\"lazy\" decoding=\"async\" class=\"alignnone wp-image-6173\" src=\"http:\/\/www.msrr.at\/cms\/wp-content\/uploads\/2016\/09\/MSRR-Logo-300x257.jpg\" alt=\"msrr-logo\" width=\"42\" height=\"36\" srcset=\"http:\/\/www.msrr.at\/cms\/wp-content\/uploads\/2016\/09\/MSRR-Logo-300x257.jpg 300w, http:\/\/www.msrr.at\/cms\/wp-content\/uploads\/2016\/09\/MSRR-Logo-250x214.jpg 250w, http:\/\/www.msrr.at\/cms\/wp-content\/uploads\/2016\/09\/MSRR-Logo.jpg 440w\" sizes=\"auto, (max-width: 42px) 100vw, 42px\" \/>&nbsp;&nbsp;<span style=\"text-decoration: underline;\">Mitglieder<\/span><\/strong><\/em><\/h1>\n<p style=\"text-align: center;\"><em><strong>Blazek Hannes<\/strong><\/em><\/p>\n<p style=\"text-align: center;\"><em><strong>Kahri Dieter<\/strong><\/em><\/p>\n<p style=\"text-align: center;\"><em><strong>Eigenbauer Hans<\/strong><\/em><\/p>\n<p style=\"text-align: center;\"><em><strong>Flois Johann<\/strong><\/em><\/p>\n<p style=\"text-align: center;\"><em><strong>Schuster Andreas<\/strong><\/em><\/p>\n<p style=\"text-align: center;\"><em><strong>Schauberger Peter<\/strong><\/em><\/p>\n<p style=\"text-align: center;\"><em><strong>Leitner Franz<\/strong><\/em><\/p>\n<p style=\"text-align: center;\"><em><strong>Haidn Franz<\/strong><\/em><\/p>\n<p style=\"text-align: center;\"><em><strong>Riedmayer Dominik<\/strong><\/em><\/p>\n<p style=\"text-align: center;\"><em><strong>Kellner Stefan<\/strong><\/em><\/p>\n<p style=\"text-align: center;\"><em><strong>Bracher Stefan<\/strong><\/em><\/p>\n<p style=\"text-align: center;\"><em><strong>Haiden Leopold<\/strong><\/em><\/p>\n<p style=\"text-align: center;\"><em><strong>Kronabeter Martin<\/strong><\/em><\/p>\n<p style=\"text-align: center;\"><em><strong>Pfeiffer Leopold<\/strong><\/em><\/p>\n<p style=\"text-align: center;\"><em><strong>Kramer Jens<\/strong><\/em><\/p>\n<p style=\"text-align: center;\"><em><strong>Forst Markus<\/strong><\/em><\/p>\n<p style=\"text-align: center;\"><em><strong>Rieder Bernd<\/strong><\/em><\/p>\n<p style=\"text-align: center;\"><em><strong>Nell Wolfgang<\/strong><\/em><\/p>\n<p style=\"text-align: center;\"><em><strong>Huber Martina<\/strong><\/em><\/p>\n<p style=\"text-align: center;\"><em><strong>Wiesinger Erwin<\/strong><\/em><\/p>\n<p style=\"text-align: center;\"><em><strong>Klein Philipp<\/strong><\/em><\/p>\n<p style=\"text-align: center;\"><em><strong>H\u00f6rmann Markus<\/strong><\/em><\/p>\n<p style=\"text-align: center;\"><em><strong>Weber Birgit<\/strong><\/em><\/p>\n<p style=\"text-align: center;\"><em><strong>F\u00f6rstel Michael<\/strong><\/em><\/p>\n<p style=\"text-align: center;\"><em><strong>Redlingshofer-Milev Kathrin<\/strong><\/em><\/p>\n<p style=\"text-align: center;\"><em><strong>Umgeher Christoph<\/strong><\/em><\/p>\n<p style=\"text-align: center;\"><em><strong>B\u00f6ck Thomas<\/strong><\/em><\/p>\n<p style=\"text-align: center;\"><em><strong>Mayer Patrick<\/strong><\/em><\/p>\n<p style=\"text-align: center;\"><em><strong>G\u00f6schl Barbara<\/strong><\/em><\/p>\n<p style=\"text-align: center;\"><em><strong>Buchmayer J\u00fcrgen<\/strong><\/em><\/p>\n<p>&nbsp;<\/p>\n<h1 style=\"text-align: center;\"><em><strong>&nbsp; &nbsp; &nbsp; &nbsp; &nbsp; &nbsp; &nbsp; &nbsp; &nbsp;&nbsp;<img loading=\"lazy\" decoding=\"async\" class=\"alignnone wp-image-6173\" src=\"http:\/\/www.msrr.at\/cms\/wp-content\/uploads\/2016\/09\/MSRR-Logo-300x257.jpg\" alt=\"msrr-logo\" width=\"40\" height=\"34\" srcset=\"http:\/\/www.msrr.at\/cms\/wp-content\/uploads\/2016\/09\/MSRR-Logo-300x257.jpg 300w, http:\/\/www.msrr.at\/cms\/wp-content\/uploads\/2016\/09\/MSRR-Logo-250x214.jpg 250w, http:\/\/www.msrr.at\/cms\/wp-content\/uploads\/2016\/09\/MSRR-Logo.jpg 440w\" sizes=\"auto, (max-width: 40px) 100vw, 40px\" \/>&nbsp;<span style=\"text-decoration: underline;\">Anschlu\u00dfmitglieder<\/span><\/strong><\/em><\/h1>\n<p style=\"text-align: center;\"><em><strong>&nbsp;Kahri Daniela<\/strong><\/em><\/p>\n<h6 style=\"text-align: center;\"><em><strong>Weber Daniel<\/strong><\/em><\/h6>\n<h6 style=\"text-align: center;\"><em><strong>Leischner Patrick<\/strong><\/em><\/h6>\n<h6 style=\"text-align: center;\"><em><strong>Eigenbauer Patrick<\/strong><\/em><\/h6>\n<h6 style=\"text-align: center;\"><em><strong>Eigenbauer Jenny<\/strong><\/em><\/h6>\n<h6 style=\"text-align: center;\"><em><strong>Pfeiffer Stefan<\/strong><\/em><\/h6>\n<h6 style=\"text-align: center;\"><em><strong>Weber Franz<\/strong><\/em><\/h6>\n<h6 style=\"text-align: center;\"><em><strong>Karner Kurt<\/strong><\/em><\/h6>\n<h6 style=\"text-align: center;\"><em><strong>Huber Nadine<\/strong><\/em><\/h6>\n<h6 style=\"text-align: center;\"><em><strong>Murer Judith<\/strong><\/em><\/h6>\n<h6 style=\"text-align: center;\"><em><strong>Kahri Jaqueline<\/strong><\/em><\/h6>\n<h6 style=\"text-align: center;\"><em><strong>Kahri Mariella<\/strong><\/em><\/h6>\n<h6 style=\"text-align: center;\"><em><strong>Kahri Johanna&nbsp;<\/strong><\/em><\/h6>\n<p style=\"text-align: center;\"><em><strong>Milev Bogi<\/strong><\/em><\/p>\n<p style=\"text-align: center;\"><em><strong>Prenner Isabella<\/strong><\/em><\/p>\n<p style=\"text-align: left;\">&nbsp; &nbsp; &nbsp; &nbsp; &nbsp; &nbsp; &nbsp; &nbsp; &nbsp; &nbsp; &nbsp; &nbsp; &nbsp; &nbsp; &nbsp; &nbsp; &nbsp; &nbsp; &nbsp;&nbsp; &nbsp;&nbsp; &nbsp;<\/p>\n","protected":false},"excerpt":{"rendered":"<p>&nbsp; &nbsp; &nbsp; &nbsp; &nbsp; &nbsp; &nbsp; &nbsp; &nbsp; &nbsp; &nbsp;&nbsp; &nbsp; &nbsp; &nbsp; &nbsp; &nbsp; &nbsp;&nbsp; &nbsp; &nbsp; &nbsp; Ehrenmitglieder Deinbacher Peter &nbsp;&nbsp;Gr\u00fcndungsmitglied Groyer Werner &nbsp;&nbsp;Gr\u00fcndungsmitglied&nbsp; Groyer Rainer &nbsp; Gr\u00fcndungsmitglied K\u00e4fer Josef &nbsp; Gr\u00fcndungsmitglied &nbsp;&nbsp; Kellner Johann &nbsp; Gr\u00fcndungsmitglied + 1. OBMANN Kahri Brigitte Hedinger Elisabeth Sch\u00f6pf Helmut &nbsp; OBMANN 1990-2000 Freist\u00e4tter Leopold &nbsp; &hellip; <a href=\"http:\/\/www.msrr.at\/cms\/mitglieder-des-msrr\/\" class=\"more-link\"><span class=\"screen-reader-text\">Mitglieder des MSRR<\/span> weiterlesen <span class=\"meta-nav\">&rarr;<\/span><\/a><\/p>\n","protected":false},"author":1,"featured_media":0,"parent":0,"menu_order":0,"comment_status":"open","ping_status":"closed","template":"","meta":{"ngg_post_thumbnail":0,"footnotes":""},"class_list":["post-1293","page","type-page","status-publish","hentry"],"_links":{"self":[{"href":"http:\/\/www.msrr.at\/cms\/wp-json\/wp\/v2\/pages\/1293","targetHints":{"allow":["GET"]}}],"collection":[{"href":"http:\/\/www.msrr.at\/cms\/wp-json\/wp\/v2\/pages"}],"about":[{"href":"http:\/\/www.msrr.at\/cms\/wp-json\/wp\/v2\/types\/page"}],"author":[{"embeddable":true,"href":"http:\/\/www.msrr.at\/cms\/wp-json\/wp\/v2\/users\/1"}],"replies":[{"embeddable":true,"href":"http:\/\/www.msrr.at\/cms\/wp-json\/wp\/v2\/comments?post=1293"}],"version-history":[{"count":44,"href":"http:\/\/www.msrr.at\/cms\/wp-json\/wp\/v2\/pages\/1293\/revisions"}],"predecessor-version":[{"id":8404,"href":"http:\/\/www.msrr.at\/cms\/wp-json\/wp\/v2\/pages\/1293\/revisions\/8404"}],"wp:attachment":[{"href":"http:\/\/www.msrr.at\/cms\/wp-json\/wp\/v2\/media?parent=1293"}],"curies":[{"name":"wp","href":"https:\/\/api.w.org\/{rel}","templated":true}]}}