{"id":1244,"date":"2014-02-22T13:05:38","date_gmt":"2014-02-22T11:05:38","guid":{"rendered":"http:\/\/www.msrr.at\/cms\/?page_id=1244"},"modified":"2024-03-31T11:15:11","modified_gmt":"2024-03-31T09:15:11","slug":"der-vorstand","status":"publish","type":"page","link":"http:\/\/www.msrr.at\/cms\/der-vorstand\/","title":{"rendered":"Der Vorstand"},"content":{"rendered":"<div dir=\"ltr\" data-angle=\"0\" data-font-name=\"Helvetica\" data-canvas-width=\"145.29333766341213\">\n<table style=\"width: 120.902%; height: 265px;\" border=\"0\">\n<caption>&nbsp;<\/caption>\n<tbody>\n<tr style=\"height: 7px;\">\n<td style=\"vertical-align: middle; width: 142px; height: 7px;\">\n<div dir=\"ltr\" data-angle=\"0\" data-font-name=\"Helvetica\" data-canvas-width=\"140.04000417351722\"><strong>Obmann:<\/strong><\/div>\n<\/td>\n<td style=\"vertical-align: middle; width: 184px; height: 7px; text-align: left;\">&nbsp;<\/p>\n<p><strong>Johann Eigenbauer<\/strong><\/p>\n<p>msrr.neulengbach@gmx.at<\/td>\n<td style=\"width: 197px; height: 7px;\">&nbsp;<\/p>\n<p><img loading=\"lazy\" decoding=\"async\" class=\" wp-image-5956 aligncenter\" src=\"http:\/\/www.msrr.at\/cms\/wp-content\/uploads\/2014\/02\/Eigenbauer-Hans-e1470316166218-300x225.jpg\" alt=\"eigenbauer-hans-e1470316166218-300x225\" width=\"90\" height=\"102\"\/><\/p>\n<p>&nbsp;<\/td>\n<\/tr>\n<tr style=\"height: 21px;\">\n<td style=\"vertical-align: middle; width: 142px; height: 21px;\">\n<div dir=\"ltr\" data-angle=\"0\" data-font-name=\"Helvetica\" data-canvas-width=\"140.04000417351722\"><strong>Obmann Stv.:&nbsp;<\/strong><\/div>\n<\/td>\n<td style=\"vertical-align: middle; width: 184px; height: 21px;\"><strong>Dieter Kahri<\/strong><\/td>\n<td style=\"width: 197px; height: 21px; text-align: center;\">&nbsp;<\/p>\n<p><img loading=\"lazy\" decoding=\"async\" class=\"alignnone wp-image-4906\" src=\"http:\/\/www.msrr.at\/cms\/wp-content\/uploads\/2014\/02\/image1-267x300.jpg\" alt=\"image1\" width=\"94\" height=\"106\" srcset=\"http:\/\/www.msrr.at\/cms\/wp-content\/uploads\/2014\/02\/image1-267x300.jpg 267w, http:\/\/www.msrr.at\/cms\/wp-content\/uploads\/2014\/02\/image1-250x281.jpg 250w, http:\/\/www.msrr.at\/cms\/wp-content\/uploads\/2014\/02\/image1.jpg 570w\" sizes=\"auto, (max-width: 94px) 100vw, 94px\" \/><\/p>\n<p>&nbsp;<\/td>\n<\/tr>\n<tr style=\"height: 90px;\">\n<td style=\"vertical-align: middle; width: 142px; height: 90px;\">\n<div dir=\"ltr\" data-angle=\"0\" data-font-name=\"Helvetica\" data-canvas-width=\"30.38666757225991\"><strong>Kassier:&nbsp;<\/strong><\/div>\n<\/td>\n<td style=\"vertical-align: middle; width: 184px; height: 90px;\"><strong>Jenny Eigenbauer<\/strong><\/td>\n<td style=\"width: 197px; height: 90px;\"><a href=\"http:\/\/www.msrr.at\/cms\/wp-content\/uploads\/2014\/02\/Strichm\u00e4nnchen.jpg\"><img loading=\"lazy\" decoding=\"async\" class=\" wp-image-6288 aligncenter\" src=\"http:\/\/www.msrr.at\/cms\/wp-content\/uploads\/2014\/02\/Strichm\u00e4nnchen.jpg\" alt=\"\" width=\"64\" height=\"94\"\/><\/a><\/td>\n<\/tr>\n<tr style=\"height: 55px;\">\n<td style=\"vertical-align: middle; width: 142px; height: 55px;\">\n<div dir=\"ltr\" data-angle=\"0\" data-font-name=\"Helvetica\" data-canvas-width=\"30.38666757225991\"><strong>Schriftf\u00fchrer<\/strong><\/div>\n<\/td>\n<td style=\"vertical-align: middle; width: 184px; height: 55px;\"><strong>Daniela Kahri<\/strong><\/td>\n<td style=\"width: 197px; height: 55px;\">&nbsp;<img loading=\"lazy\" decoding=\"async\" class=\"wp-image-5947 aligncenter\" src=\"http:\/\/www.msrr.at\/cms\/wp-content\/uploads\/2014\/02\/IMG_3990-270x300.jpg\" alt=\"img_3990\" width=\"91\" height=\"101\" srcset=\"http:\/\/www.msrr.at\/cms\/wp-content\/uploads\/2014\/02\/IMG_3990-270x300.jpg 270w, http:\/\/www.msrr.at\/cms\/wp-content\/uploads\/2014\/02\/IMG_3990-768x852.jpg 768w, http:\/\/www.msrr.at\/cms\/wp-content\/uploads\/2014\/02\/IMG_3990-923x1024.jpg 923w, http:\/\/www.msrr.at\/cms\/wp-content\/uploads\/2014\/02\/IMG_3990-250x277.jpg 250w\" sizes=\"auto, (max-width: 91px) 100vw, 91px\" \/><\/td>\n<\/tr>\n<tr style=\"height: 92px;\">\n<td style=\"vertical-align: middle; width: 142px; height: 92px;\">\n<div dir=\"ltr\" data-angle=\"0\" data-font-name=\"Helvetica\" data-canvas-width=\"48.16000143527985\"><strong>Schriftf\u00fcher Stv.<\/strong><\/div>\n<\/td>\n<td style=\"vertical-align: middle; width: 184px; height: 92px;\"><strong>Patrick Eigenbauer<\/strong><\/td>\n<td style=\"width: 197px; height: 92px;\">&nbsp;<img loading=\"lazy\" decoding=\"async\" class=\"wp-image-5948 aligncenter\" src=\"http:\/\/www.msrr.at\/cms\/wp-content\/uploads\/2014\/02\/IMG_3987-269x300.jpg\" alt=\"img_3987\" width=\"91\" height=\"102\" srcset=\"http:\/\/www.msrr.at\/cms\/wp-content\/uploads\/2014\/02\/IMG_3987-269x300.jpg 269w, http:\/\/www.msrr.at\/cms\/wp-content\/uploads\/2014\/02\/IMG_3987-768x858.jpg 768w, http:\/\/www.msrr.at\/cms\/wp-content\/uploads\/2014\/02\/IMG_3987-917x1024.jpg 917w, http:\/\/www.msrr.at\/cms\/wp-content\/uploads\/2014\/02\/IMG_3987-250x279.jpg 250w\" sizes=\"auto, (max-width: 91px) 100vw, 91px\" \/><\/td>\n<\/tr>\n<\/tbody>\n<\/table>\n<\/div>\n<p>&nbsp;<\/p>\n<p><strong>Vorstandssitzungen Termine 2018 &#8211; \u00c4nderungen vorbehalten.<\/strong><\/p>\n<p>17.01.2018 20.00<br \/>\n22.02.2018 20.00<br \/>\n22.03.2018 20.00<\/p>\n<p>Weitere Termine folgen!<\/p>\n<p>&nbsp;<\/p>\n<hr \/>\n<p><strong>Nachrichten \/ Anfragen an den Vorstand des MSRR Neulengbach<\/strong><\/p>\n<p class=\"wpcf7-contact-form-not-found\"><strong>Fehler:<\/strong> Kontaktformular wurde nicht gefunden.<\/p>\n","protected":false},"excerpt":{"rendered":"<p>&nbsp; Obmann: &nbsp; Johann Eigenbauer msrr.neulengbach@gmx.at &nbsp; &nbsp; Obmann Stv.:&nbsp; Dieter Kahri &nbsp; &nbsp; Kassier:&nbsp; Jenny Eigenbauer Schriftf\u00fchrer Daniela Kahri &nbsp; Schriftf\u00fcher Stv. Patrick Eigenbauer &nbsp; &nbsp; Vorstandssitzungen Termine 2018 &#8211; \u00c4nderungen vorbehalten. 17.01.2018 20.00 22.02.2018 20.00 22.03.2018 20.00 Weitere Termine folgen! &nbsp; Nachrichten \/ Anfragen an den Vorstand des MSRR Neulengbach<\/p>\n","protected":false},"author":1,"featured_media":0,"parent":0,"menu_order":0,"comment_status":"closed","ping_status":"closed","template":"","meta":{"ngg_post_thumbnail":0,"footnotes":""},"class_list":["post-1244","page","type-page","status-publish","hentry"],"_links":{"self":[{"href":"http:\/\/www.msrr.at\/cms\/wp-json\/wp\/v2\/pages\/1244","targetHints":{"allow":["GET"]}}],"collection":[{"href":"http:\/\/www.msrr.at\/cms\/wp-json\/wp\/v2\/pages"}],"about":[{"href":"http:\/\/www.msrr.at\/cms\/wp-json\/wp\/v2\/types\/page"}],"author":[{"embeddable":true,"href":"http:\/\/www.msrr.at\/cms\/wp-json\/wp\/v2\/users\/1"}],"replies":[{"embeddable":true,"href":"http:\/\/www.msrr.at\/cms\/wp-json\/wp\/v2\/comments?post=1244"}],"version-history":[{"count":100,"href":"http:\/\/www.msrr.at\/cms\/wp-json\/wp\/v2\/pages\/1244\/revisions"}],"predecessor-version":[{"id":8435,"href":"http:\/\/www.msrr.at\/cms\/wp-json\/wp\/v2\/pages\/1244\/revisions\/8435"}],"wp:attachment":[{"href":"http:\/\/www.msrr.at\/cms\/wp-json\/wp\/v2\/media?parent=1244"}],"curies":[{"name":"wp","href":"https:\/\/api.w.org\/{rel}","templated":true}]}}